{"id":706,"date":"2024-10-23T09:23:15","date_gmt":"2024-10-23T07:23:15","guid":{"rendered":"https:\/\/www.bergfried-kaprun.at\/?page_id=706"},"modified":"2025-08-16T09:24:53","modified_gmt":"2025-08-16T07:24:53","slug":"kontakt","status":"publish","type":"page","link":"https:\/\/www.bergfried-kaprun.at\/cs\/kontakt\/","title":{"rendered":"Kontakt"},"content":{"rendered":"<p>[et_pb_section fb_built=&#8220;1&#8243; disabled_on=&#8220;off|off|off&#8220; _builder_version=&#8220;4.27.2&#8243; _module_preset=&#8220;default&#8220; custom_padding=&#8220;6px|||||&#8220; global_colors_info=&#8220;{}&#8220;][et_pb_row column_structure=&#8220;1_2,1_2&#8243; _builder_version=&#8220;4.27.3&#8243; _module_preset=&#8220;default&#8220; global_colors_info=&#8220;{}&#8220;][et_pb_column type=&#8220;1_2&#8243; _builder_version=&#8220;4.27.3&#8243; _module_preset=&#8220;default&#8220; border_radii=&#8220;on|60px|60px|60px|60px&#8220; global_colors_info=&#8220;{}&#8220;][dsm_embed_google_map address=&#8220;Kirchgasse 9 Kaprun&#8220; _builder_version=&#8220;4.27.3&#8243; _module_preset=&#8220;default&#8220; global_colors_info=&#8220;{}&#8220;][\/dsm_embed_google_map][\/et_pb_column][et_pb_column type=&#8220;1_2&#8243; _builder_version=&#8220;4.27.2&#8243; _module_preset=&#8220;default&#8220; global_colors_info=&#8220;{}&#8220;][et_pb_text _builder_version=&#8220;4.27.4&#8243; _module_preset=&#8220;default&#8220; header_2_font=&#8220;|700|||||||&#8220; header_2_text_color=&#8220;#000000&#8243; header_2_font_size=&#8220;45px&#8220; header_2_line_height=&#8220;1.2em&#8220; custom_margin=&#8220;-15px|||||&#8220; hover_enabled=&#8220;0&#8243; content_en_us=&#8220;<\/p>\n<h2 class=%22uk-h1 uk-margin-remove-bottom uk-width-2xlarge uk-margin-auto uk-text-center uk-scrollspy-inview%22>Get in touch with us<\/h2>\n<p>&#8220; locked=&#8220;off&#8220; global_colors_info=&#8220;{}&#8220; content_cs_cz=&#8220;<\/p>\n<h2 class=%22uk-h1 uk-margin-remove-bottom uk-width-2xlarge uk-margin-auto uk-text-center uk-scrollspy-inview%22>Kontaktujte n\u00e1s<\/h2>\n<article class=%22text-token-text-primary w-full focus:outline-none scroll-mt-%91calc(var(--header-height)+min(200px,max(70px,20svh)))%93%22 dir=%22auto%22 data-turn-id=%22request-68a0230f-cc90-8325-8a07-3ddd5b85038b-44%22 data-testid=%22conversation-turn-82%22 data-scroll-anchor=%22false%22 data-turn=%22assistant%22 tabindex=%22-1%22>\n<div class=%22text-base my-auto mx-auto %91--thread-content-margin:--spacing(4)%93 @%9137rem%93:%91--thread-content-margin:--spacing(6)%93 @%9172rem%93:%91--thread-content-margin:--spacing(16)%93 px-(--thread-content-margin)%22>\n<div class=%22%91--thread-content-max-width:32rem%93 @%9134rem%93:%91--thread-content-max-width:40rem%93 @%9164rem%93:%91--thread-content-max-width:48rem%93 mx-auto max-w-(--thread-content-max-width) flex-1 group\/turn-messages focus-visible:outline-hidden relative flex w-full min-w-0 flex-col agent-turn%22 tabindex=%22-1%22>\n<div class=%22flex min-h-%9146px%93 justify-start%22><\/div>\n<\/div>\n<\/div>\n<\/article>\n<p>&#8220; sticky_enabled=&#8220;0&#8243;]<\/p>\n<h2 class=\"uk-h1 uk-margin-remove-bottom uk-width-2xlarge uk-margin-auto uk-text-center uk-scrollspy-inview\">Kontaktieren Sie uns<\/h2>\n<p>[\/et_pb_text][et_pb_divider color=&#8220;gcid-2f2e5ab3-b81f-4787-9ad9-db4cdfe9b909&#8243; divider_weight=&#8220;2px&#8220; _builder_version=&#8220;4.27.2&#8243; _module_preset=&#8220;default&#8220; width=&#8220;30%&#8220; width_tablet=&#8220;25%&#8220; width_phone=&#8220;50%&#8220; width_last_edited=&#8220;on|phone&#8220; custom_margin=&#8220;-30px||||false|false&#8220; locked=&#8220;off&#8220; global_colors_info=&#8220;{%22gcid-2f2e5ab3-b81f-4787-9ad9-db4cdfe9b909%22:%91%22color%22%93}&#8220;][\/et_pb_divider][et_pb_contact_form email=&#8220;info@bergfried-kaprun.at&#8220; custom_message=&#8220;Hallo,||et_pb_line_break_holder||||et_pb_line_break_holder||es ist eine neue Nachricht eingegangen:||et_pb_line_break_holder||||et_pb_line_break_holder||Name: %%name%%||et_pb_line_break_holder||||et_pb_line_break_holder||E-Mail Adresse: %%mail%%||et_pb_line_break_holder||||et_pb_line_break_holder||Nachricht: %%msg%%||et_pb_line_break_holder||||et_pb_line_break_holder||Sch\u00f6ne Gr\u00fc\u00dfe||et_pb_line_break_holder||RhekTec System||et_pb_line_break_holder||||et_pb_line_break_holder||%91Bitte auf diese E-Mail nicht antworten. Automatisch generierte E-Mail%93&#8243; success_message=&#8220;Vielen Dank f\u00fcr Ihre Nachricht.&#8220; submit_button_text=&#8220;Senden&#8220; _builder_version=&#8220;4.27.4&#8243; _module_preset=&#8220;default&#8220; _unique_id=&#8220;a44ee06a-54d8-475e-9213-c8cc3ace280e&#8220; custom_button=&#8220;on&#8220; button_text_color=&#8220;gcid-2f2e5ab3-b81f-4787-9ad9-db4cdfe9b909&#8243; custom_margin=&#8220;-32px|||||&#8220; hover_enabled=&#8220;0&#8243; success_message_en_us=&#8220;Thank you for you message.&#8220; submit_button_text_en_us=&#8220;Submit&#8220; global_colors_info=&#8220;{%22gcid-2f2e5ab3-b81f-4787-9ad9-db4cdfe9b909%22:%91%22button_text_color%22%93}&#8220; success_message_cs_cz=&#8220;D\u011bkujeme za va\u0161i zpr\u00e1vu.&#8220; submit_button_text_cs_cz=&#8220;Odeslat&#8220; sticky_enabled=&#8220;0&#8243;][et_pb_contact_field field_id=&#8220;name&#8220; field_title=&#8220;Name&#8220; _builder_version=&#8220;4.27.4&#8243; hover_enabled=&#8220;0&#8243; radio_options_en_us=&#8220;%91{%22value%22:%22%22,%22checked%22:0,%22dragID%22:-1}%93&#8243; checkbox_options_en_us=&#8220;%91{%22value%22:%22%22,%22checked%22:0,%22dragID%22:-1}%93&#8243; select_options_en_us=&#8220;%91{%22value%22:%22%22,%22checked%22:0,%22dragID%22:-1}%93&#8243; global_colors_info=&#8220;{}&#8220; button_text_size__hover_enabled=&#8220;off&#8220; button_one_text_size__hover_enabled=&#8220;off&#8220; button_two_text_size__hover_enabled=&#8220;off&#8220; button_text_color__hover_enabled=&#8220;off&#8220; button_one_text_color__hover_enabled=&#8220;off&#8220; button_two_text_color__hover_enabled=&#8220;off&#8220; button_border_width__hover_enabled=&#8220;off&#8220; button_one_border_width__hover_enabled=&#8220;off&#8220; button_two_border_width__hover_enabled=&#8220;off&#8220; button_border_color__hover_enabled=&#8220;off&#8220; button_one_border_color__hover_enabled=&#8220;off&#8220; button_two_border_color__hover_enabled=&#8220;off&#8220; button_border_radius__hover_enabled=&#8220;off&#8220; button_one_border_radius__hover_enabled=&#8220;off&#8220; button_two_border_radius__hover_enabled=&#8220;off&#8220; button_letter_spacing__hover_enabled=&#8220;off&#8220; button_one_letter_spacing__hover_enabled=&#8220;off&#8220; button_two_letter_spacing__hover_enabled=&#8220;off&#8220; button_bg_color__hover_enabled=&#8220;off&#8220; button_one_bg_color__hover_enabled=&#8220;off&#8220; button_two_bg_color__hover_enabled=&#8220;off&#8220; sticky_enabled=&#8220;0&#8243; radio_options_cs_cz=&#8220;%91{%22value%22:%22%22,%22checked%22:0,%22dragID%22:-1}%93&#8243; checkbox_options_cs_cz=&#8220;%91{%22value%22:%22%22,%22checked%22:0,%22dragID%22:-1}%93&#8243; select_options_cs_cz=&#8220;%91{%22value%22:%22%22,%22checked%22:0,%22dragID%22:-1}%93&#8243; field_title_cs_cz=&#8220;Jm\u00e9no&#8220;][\/et_pb_contact_field][et_pb_contact_field field_id=&#8220;mail&#8220; field_title=&#8220;E-Mail Adresse&#8220; field_type=&#8220;email&#8220; _builder_version=&#8220;4.27.4&#8243; hover_enabled=&#8220;0&#8243; field_title_en_us=&#8220;RhekTec.adm&#8220; radio_options_en_us=&#8220;%91{%22value%22:%22%22,%22checked%22:0,%22dragID%22:-1}%93&#8243; checkbox_options_en_us=&#8220;%91{%22value%22:%22%22,%22checked%22:0,%22dragID%22:-1}%93&#8243; select_options_en_us=&#8220;%91{%22value%22:%22%22,%22checked%22:0,%22dragID%22:-1}%93&#8243; global_colors_info=&#8220;{}&#8220; button_text_size__hover_enabled=&#8220;off&#8220; button_one_text_size__hover_enabled=&#8220;off&#8220; button_two_text_size__hover_enabled=&#8220;off&#8220; button_text_color__hover_enabled=&#8220;off&#8220; button_one_text_color__hover_enabled=&#8220;off&#8220; button_two_text_color__hover_enabled=&#8220;off&#8220; button_border_width__hover_enabled=&#8220;off&#8220; button_one_border_width__hover_enabled=&#8220;off&#8220; button_two_border_width__hover_enabled=&#8220;off&#8220; button_border_color__hover_enabled=&#8220;off&#8220; button_one_border_color__hover_enabled=&#8220;off&#8220; button_two_border_color__hover_enabled=&#8220;off&#8220; button_border_radius__hover_enabled=&#8220;off&#8220; button_one_border_radius__hover_enabled=&#8220;off&#8220; button_two_border_radius__hover_enabled=&#8220;off&#8220; button_letter_spacing__hover_enabled=&#8220;off&#8220; button_one_letter_spacing__hover_enabled=&#8220;off&#8220; button_two_letter_spacing__hover_enabled=&#8220;off&#8220; button_bg_color__hover_enabled=&#8220;off&#8220; button_one_bg_color__hover_enabled=&#8220;off&#8220; button_two_bg_color__hover_enabled=&#8220;off&#8220; radio_options_cs_cz=&#8220;%91{%22value%22:%22%22,%22checked%22:0,%22dragID%22:-1}%93&#8243; checkbox_options_cs_cz=&#8220;%91{%22value%22:%22%22,%22checked%22:0,%22dragID%22:-1}%93&#8243; select_options_cs_cz=&#8220;%91{%22value%22:%22%22,%22checked%22:0,%22dragID%22:-1}%93&#8243; field_title_cs_cz=&#8220;E-mailov\u00e1 adresa&#8220; sticky_enabled=&#8220;0&#8243;][\/et_pb_contact_field][et_pb_contact_field field_id=&#8220;msg&#8220; field_title=&#8220;Nachricht&#8220; field_type=&#8220;text&#8220; fullwidth_field=&#8220;on&#8220; _builder_version=&#8220;4.27.4&#8243; hover_enabled=&#8220;0&#8243; field_title_en_us=&#8220;Message&#8220; radio_options_en_us=&#8220;%91{%22value%22:%22%22,%22checked%22:0,%22dragID%22:-1}%93&#8243; checkbox_options_en_us=&#8220;%91{%22value%22:%22%22,%22checked%22:0,%22dragID%22:-1}%93&#8243; select_options_en_us=&#8220;%91{%22value%22:%22%22,%22checked%22:0,%22dragID%22:-1}%93&#8243; global_colors_info=&#8220;{}&#8220; button_text_size__hover_enabled=&#8220;off&#8220; button_one_text_size__hover_enabled=&#8220;off&#8220; button_two_text_size__hover_enabled=&#8220;off&#8220; button_text_color__hover_enabled=&#8220;off&#8220; button_one_text_color__hover_enabled=&#8220;off&#8220; button_two_text_color__hover_enabled=&#8220;off&#8220; button_border_width__hover_enabled=&#8220;off&#8220; button_one_border_width__hover_enabled=&#8220;off&#8220; button_two_border_width__hover_enabled=&#8220;off&#8220; button_border_color__hover_enabled=&#8220;off&#8220; button_one_border_color__hover_enabled=&#8220;off&#8220; button_two_border_color__hover_enabled=&#8220;off&#8220; button_border_radius__hover_enabled=&#8220;off&#8220; button_one_border_radius__hover_enabled=&#8220;off&#8220; button_two_border_radius__hover_enabled=&#8220;off&#8220; button_letter_spacing__hover_enabled=&#8220;off&#8220; button_one_letter_spacing__hover_enabled=&#8220;off&#8220; button_two_letter_spacing__hover_enabled=&#8220;off&#8220; button_bg_color__hover_enabled=&#8220;off&#8220; button_one_bg_color__hover_enabled=&#8220;off&#8220; button_two_bg_color__hover_enabled=&#8220;off&#8220; radio_options_cs_cz=&#8220;%91{%22value%22:%22%22,%22checked%22:0,%22dragID%22:-1}%93&#8243; checkbox_options_cs_cz=&#8220;%91{%22value%22:%22%22,%22checked%22:0,%22dragID%22:-1}%93&#8243; select_options_cs_cz=&#8220;%91{%22value%22:%22%22,%22checked%22:0,%22dragID%22:-1}%93&#8243; field_title_cs_cz=&#8220;Zpr\u00e1va&#8220; sticky_enabled=&#8220;0&#8243;][\/et_pb_contact_field][\/et_pb_contact_form][\/et_pb_column][\/et_pb_row][\/et_pb_section]<\/p>\n","protected":false},"excerpt":{"rendered":"<p><div class=\"et_pb_module dsm_embed_google_map dsm_embed_google_map_0\">\n\t\t\t\t\n\t\t\t\t\n\t\t\t\t\n\t\t\t\t\n\t\t\t\t\n\t\t\t\t\n\t\t\t\t<div class=\"et_pb_module_inner\">\n\t\t\t\t\t<iframe loading=\"lazy\" frameborder=\"0\" scrolling=\"no\" marginheight=\"0\" marginwidth=\"0\" referrerPolicy=\"no-referrer-when-downgrade\" src=\"https:\/\/maps.google.com\/maps?q=Kirchgasse%209%20Kaprun&amp;t=m&amp;z=10&amp;output=embed&amp;iwloc=near&hl=cs_CZ\" aria-label=\"Kirchgasse 9 Kaprun\"><\/iframe>\n\t\t\t\t<\/div>\n\t\t\t<\/div>Kontaktieren Sie uns<\/p>\n","protected":false},"author":1,"featured_media":0,"parent":0,"menu_order":0,"comment_status":"closed","ping_status":"closed","template":"","meta":{"_et_pb_use_builder":"on","_et_pb_old_content":"<!-- wp:divi\/placeholder \/-->","_et_gb_content_width":"","footnotes":""},"class_list":["post-706","page","type-page","status-publish","hentry"],"_links":{"self":[{"href":"https:\/\/www.bergfried-kaprun.at\/cs\/wp-json\/wp\/v2\/pages\/706","targetHints":{"allow":["GET"]}}],"collection":[{"href":"https:\/\/www.bergfried-kaprun.at\/cs\/wp-json\/wp\/v2\/pages"}],"about":[{"href":"https:\/\/www.bergfried-kaprun.at\/cs\/wp-json\/wp\/v2\/types\/page"}],"author":[{"embeddable":true,"href":"https:\/\/www.bergfried-kaprun.at\/cs\/wp-json\/wp\/v2\/users\/1"}],"replies":[{"embeddable":true,"href":"https:\/\/www.bergfried-kaprun.at\/cs\/wp-json\/wp\/v2\/comments?post=706"}],"version-history":[{"count":14,"href":"https:\/\/www.bergfried-kaprun.at\/cs\/wp-json\/wp\/v2\/pages\/706\/revisions"}],"predecessor-version":[{"id":1571,"href":"https:\/\/www.bergfried-kaprun.at\/cs\/wp-json\/wp\/v2\/pages\/706\/revisions\/1571"}],"wp:attachment":[{"href":"https:\/\/www.bergfried-kaprun.at\/cs\/wp-json\/wp\/v2\/media?parent=706"}],"curies":[{"name":"wp","href":"https:\/\/api.w.org\/{rel}","templated":true}]}}