{"id":708,"date":"2024-10-23T09:23:26","date_gmt":"2024-10-23T07:23:26","guid":{"rendered":"https:\/\/www.bergfried-kaprun.at\/?page_id=708"},"modified":"2024-12-08T19:55:37","modified_gmt":"2024-12-08T18:55:37","slug":"impressum","status":"publish","type":"page","link":"https:\/\/www.bergfried-kaprun.at\/cs\/tiraz\/","title":{"rendered":"Tir\u00e1\u017e"},"content":{"rendered":"<p>[et_pb_section fb_built=&#8220;1&#8243; disabled_on=&#8220;off|off|off&#8220; _builder_version=&#8220;4.27.3&#8243; _module_preset=&#8220;default&#8220; global_colors_info=&#8220;{}&#8220; custom_padding=&#8220;0px|||||&#8220;][et_pb_row _builder_version=&#8220;4.27.3&#8243; _module_preset=&#8220;default&#8220; global_colors_info=&#8220;{}&#8220;][et_pb_column type=&#8220;4_4&#8243; _builder_version=&#8220;4.27.3&#8243; _module_preset=&#8220;default&#8220; global_colors_info=&#8220;{}&#8220;][et_pb_text _builder_version=&#8220;4.27.4&#8243; _module_preset=&#8220;default&#8220; header_2_font=&#8220;|700|||||||&#8220; header_2_text_color=&#8220;#000000&#8243; header_2_font_size=&#8220;45px&#8220; header_2_line_height=&#8220;1.2em&#8220; custom_margin=&#8220;-2px|||||&#8220; hover_enabled=&#8220;0&#8243; content_en_us=&#8220;<\/p>\n<h2 class=%22uk-h1 uk-margin-remove-bottom uk-width-2xlarge uk-margin-auto uk-text-center uk-scrollspy-inview%22>Imprint<\/h2>\n<p>&#8220; locked=&#8220;off&#8220; global_colors_info=&#8220;{}&#8220; sticky_enabled=&#8220;0&#8243;]<\/p>\n<h2 class=\"uk-h1 uk-margin-remove-bottom uk-width-2xlarge uk-margin-auto uk-text-center uk-scrollspy-inview\">Impressum<\/h2>\n<p>[\/et_pb_text][et_pb_divider color=&#8220;gcid-2f2e5ab3-b81f-4787-9ad9-db4cdfe9b909&#8243; divider_weight=&#8220;2px&#8220; _builder_version=&#8220;4.27.2&#8243; _module_preset=&#8220;default&#8220; width=&#8220;30%&#8220; width_tablet=&#8220;25%&#8220; width_phone=&#8220;50%&#8220; width_last_edited=&#8220;on|phone&#8220; custom_margin=&#8220;-30px||2px||false|false&#8220; locked=&#8220;off&#8220; global_colors_info=&#8220;{%22gcid-2f2e5ab3-b81f-4787-9ad9-db4cdfe9b909%22:%91%22color%22%93}&#8220;][\/et_pb_divider][et_pb_text _builder_version=&#8220;4.27.4&#8243; _module_preset=&#8220;default&#8220; hover_enabled=&#8220;0&#8243; sticky_enabled=&#8220;0&#8243; content_en_us=&#8220;<\/p>\n<p style=%22text-align: left;%22><strong>Provider:<\/strong><br \/>Sabrina Rattensperger<\/p>\n<p style=%22text-align: left;%22><strong>Address:<\/strong><br \/>Kirchgasse 9<br \/>5710 Kaprun<br \/>Austria<\/p>\n<p style=%22text-align: left;%22><strong>Phone number:<\/strong><br \/>+43 664 356 1791<\/p>\n<p style=%22text-align: left;%22><strong>Email address:<\/strong><br \/><a rel=%22noopener%22><span>info<\/span><span>@bergfried<\/span><span>-kaprun<\/span><span>.at<\/span><\/a><\/p>\n<p style=%22text-align: left;%22><strong>VAT ID:<\/strong> ATU76306935<br \/><strong>Registration number:<\/strong> 50606-007382-2021<\/p>\n<p style=%22text-align: left;%22><strong>Note on versions:<\/strong><br \/>In case of discrepancies between the German and English versions, the German version shall prevail.<\/p>\n<p style=%22text-align: left;%22><strong>Technical implementation and hosting:<\/strong><br \/>RhekTec e.U. 2024<br \/>Kirchplatz 7<br \/>5710 Kaprun<br \/>Austria<br \/><a rel=%22noopener%22 data-et-target-link=%22_new%22 href=%22https:\/\/www.rhektec.at%22><span>www<\/span><span>.rhektec<\/span><span>.at<\/span><\/a><br \/>0670 60 10 430<\/p>\n<p style=%22text-align: left;%22><strong>Image credits:<\/strong><br \/>Zell am See-Kaprun Tourismus GmbH<br \/>Kitzsteinhorn<\/p>\n<p style=%22text-align: left;%22><strong>Liability for content:<\/strong><br \/>The content of these websites has been created with the greatest care. However, we cannot accept any liability for the completeness, accuracy, or timeliness of the provided information. As service providers, we are responsible for our own content on these pages according to \u00a7 7 Para. 1 TMG under the general laws. However, according to \u00a7\u00a7 8 to 10 TMG, we are not obligated to monitor transmitted or stored third-party information or to search for circumstances that indicate unlawful activity. Obligations to remove or block the use of information under general laws remain unaffected. Liability is only possible if we become aware of a specific legal violation. Upon becoming aware of legal violations, we will remove the content immediately.<\/p>\n<p style=%22text-align: left;%22><strong>Liability for links:<\/strong><br \/>Our website contains links to external third-party websites, over whose content we have no control. Therefore, we cannot accept any liability for these external contents. The respective provider or operator of the linked pages is always responsible for the content. The linked pages were checked for possible legal violations at the time of linking. Illegal content was not recognizable at the time of linking. A permanent content control of the linked pages is, however, not reasonable without concrete evidence of an infringement. Upon becoming aware of legal violations, we will immediately remove such links.<\/p>\n<p style=%22text-align: left;%22><strong>Copyright:<\/strong><br \/>The content and works published on this website are subject to copyright law. Any reproduction, editing, distribution, or other use outside the limits of copyright law requires the prior consent of the respective author or creator. Downloads and copies of this page are only allowed for private, non-commercial use. If the contents of this site were not created by the operator, the copyrights of third parties are respected. In particular, content from third parties will be marked accordingly. If you become aware of a copyright infringement, please notify us. Upon becoming aware of legal violations, we will remove such content immediately.<\/p>\n<p style=%22text-align: left;%22><strong>\u00a9 2024 Sabrina Rattensperger. All rights reserved.<\/strong><\/p>\n<p>&#8222;]<\/p>\n<p><strong>Anbieter:<\/strong><br \/>Sabrina Rattensperger<\/p>\n<p><strong>Adresse:<\/strong><br \/>Kirchgasse 9<br \/>5710 Kaprun<br \/>\u00d6sterreich<\/p>\n<p><strong>Telefonnummer:<\/strong><br \/>+43 664 356 1791<\/p>\n<p><strong>E-Mail-Adresse:<\/strong><br \/><a rel=\"noopener\"><span>info<\/span><span>@bergfried<\/span><span>-kaprun<\/span><span>.at<\/span><\/a><\/p>\n<p><strong>UID:<\/strong> ATU76306935<br \/><strong>Registrierungsnummer:<\/strong> 50606-007382-2021<\/p>\n<p><strong>Hinweis zur Fassung:<\/strong><br \/>Im Falle von Abweichungen zwischen der deutschen und der englischen Version hat die deutsche Fassung Vorrang.<\/p>\n<p><strong>Technische Umsetzung und Hosting:<\/strong><br \/>RhekTec e.U. 2024<br \/>Kirchplatz 7<br \/>5710 Kaprun<br \/>\u00d6sterreich<br \/><a rel=\"noopener\" target=\"_new\" href=\"https:\/\/www.rhektec.at\"><span>www<\/span><span>.rhektec<\/span><span>.at<\/span><\/a><br \/>0670 60 10 430<\/p>\n<p><strong>Bildernachweis:<\/strong><br \/>Zell am See-Kaprun Tourismus GmbH<br \/>Kitzsteinhorn<\/p>\n<p><strong>Haftung f\u00fcr Inhalte:<\/strong><br \/>Die Inhalte dieser Webseiten wurden mit gr\u00f6\u00dftm\u00f6glicher Sorgfalt erstellt. Trotz aller Bem\u00fchungen k\u00f6nnen wir jedoch keine Haftung f\u00fcr die Vollst\u00e4ndigkeit, Richtigkeit und Aktualit\u00e4t der bereitgestellten Informationen \u00fcbernehmen. Als Anbieter von Diensten sind wir gem\u00e4\u00df \u00a7 7 Abs. 1 TMG f\u00fcr eigene Inhalte auf diesen Seiten nach den allgemeinen Gesetzen verantwortlich. Nach \u00a7\u00a7 8 bis 10 TMG sind wir jedoch nicht verpflichtet, \u00fcbermittelte oder gespeicherte Informationen Dritter zu \u00fcberwachen oder nach Umst\u00e4nden zu forschen, die auf eine rechtswidrige T\u00e4tigkeit hinweisen. Verpflichtungen zur Entfernung oder Sperrung der Nutzung von Informationen bleiben hiervon unber\u00fchrt. Eine Haftung ist nur dann m\u00f6glich, wenn uns konkrete Rechtsverletzungen bekannt werden. Bei Bekanntwerden von entsprechenden Rechtsverletzungen werden wir diese Inhalte unverz\u00fcglich entfernen.<\/p>\n<p><strong>Haftung f\u00fcr Links:<\/strong><br \/>Unser Angebot enth\u00e4lt Verlinkungen zu externen Webseiten Dritter, auf deren Inhalte wir keinen Einfluss haben. Daher k\u00f6nnen wir auch keine Haftung f\u00fcr die Inhalte dieser Seiten \u00fcbernehmen. F\u00fcr die Inhalte der verlinkten Seiten sind stets die jeweiligen Betreiber verantwortlich. Die verlinkten Seiten wurden zum Zeitpunkt der Verlinkung auf m\u00f6gliche Rechtsverst\u00f6\u00dfe \u00fcberpr\u00fcft. Rechtswidrige Inhalte waren zum Zeitpunkt der Verlinkung nicht erkennbar. Eine st\u00e4ndige inhaltliche Kontrolle der verlinkten Seiten ist ohne konkrete Anhaltspunkte einer Rechtsverletzung nicht zumutbar. Bei Bekanntwerden von Rechtsverletzungen werden wir derartige Links unverz\u00fcglich entfernen.<\/p>\n<p><strong>Urheberrecht:<\/strong><br \/>Die auf dieser Website ver\u00f6ffentlichten Inhalte und Werke unterliegen dem Urheberrecht. Jede Art der Vervielf\u00e4ltigung, Bearbeitung oder Verwertung au\u00dferhalb des Urheberrechts bedarf der vorherigen Zustimmung des jeweiligen Urhebers oder Erstellers. Downloads und Kopien dieser Seite sind nur f\u00fcr den privaten, nicht kommerziellen Gebrauch gestattet. Soweit die Inhalte auf dieser Seite nicht vom Betreiber erstellt wurden, werden die Urheberrechte Dritter beachtet. Entsprechende Inhalte Dritter werden entsprechend gekennzeichnet. Sollten Sie auf eine Urheberrechtsverletzung hinweisen k\u00f6nnen, bitten wir um eine Mitteilung. Bei Bekanntwerden von Rechtsverletzungen werden wir diese Inhalte umgehend entfernen.<\/p>\n<p><strong>\u00a9 2024 Sabrina Rattensperger. Alle Rechte vorbehalten.<\/strong><\/p>\n<p>[\/et_pb_text][\/et_pb_column][\/et_pb_row][\/et_pb_section]<\/p>\n","protected":false},"excerpt":{"rendered":"<p>ImpressumAnbieter:Sabrina Rattensperger Adresse:Kirchgasse 95710 Kaprun\u00d6sterreich Telefonnummer:+43 664 356 1791 E-Mail-Adresse:info@bergfried-kaprun.at UID: ATU76306935Registrierungsnummer: 50606-007382-2021 Hinweis zur Fassung:Im Falle von Abweichungen zwischen der deutschen und der englischen Version hat die deutsche Fassung Vorrang. Technische Umsetzung und Hosting:RhekTec e.U. 2024Kirchplatz 75710 Kaprun\u00d6sterreichwww.rhektec.at0670 60 10 430 Bildernachweis:Zell am See-Kaprun Tourismus GmbHKitzsteinhorn Haftung f\u00fcr Inhalte:Die Inhalte dieser Webseiten wurden mit gr\u00f6\u00dftm\u00f6glicher Sorgfalt erstellt. Trotz aller Bem\u00fchungen k\u00f6nnen wir jedoch keine Haftung f\u00fcr die Vollst\u00e4ndigkeit, Richtigkeit und Aktualit\u00e4t der bereitgestellten Informationen \u00fcbernehmen. Als Anbieter von Diensten sind wir gem\u00e4\u00df \u00a7 7 Abs. 1 TMG f\u00fcr eigene Inhalte auf diesen Seiten nach den allgemeinen Gesetzen verantwortlich. Nach \u00a7\u00a7 8 bis 10 TMG sind wir jedoch nicht verpflichtet, \u00fcbermittelte oder gespeicherte Informationen Dritter zu \u00fcberwachen oder nach Umst\u00e4nden zu forschen, die auf eine rechtswidrige T\u00e4tigkeit hinweisen. Verpflichtungen zur Entfernung oder Sperrung der Nutzung von Informationen bleiben hiervon unber\u00fchrt. Eine Haftung ist nur dann m\u00f6glich, wenn uns konkrete Rechtsverletzungen bekannt werden. Bei Bekanntwerden von entsprechenden Rechtsverletzungen werden wir diese Inhalte unverz\u00fcglich entfernen. Haftung f\u00fcr Links:Unser Angebot enth\u00e4lt Verlinkungen zu externen Webseiten Dritter, auf deren Inhalte wir keinen Einfluss haben. Daher k\u00f6nnen wir auch keine Haftung f\u00fcr die Inhalte dieser Seiten \u00fcbernehmen. F\u00fcr die Inhalte der verlinkten Seiten sind stets [&hellip;]<\/p>\n","protected":false},"author":1,"featured_media":0,"parent":0,"menu_order":0,"comment_status":"closed","ping_status":"closed","template":"","meta":{"_et_pb_use_builder":"on","_et_pb_old_content":"<!-- wp:divi\/placeholder \/-->","_et_gb_content_width":"","footnotes":""},"class_list":["post-708","page","type-page","status-publish","hentry"],"_links":{"self":[{"href":"https:\/\/www.bergfried-kaprun.at\/cs\/wp-json\/wp\/v2\/pages\/708","targetHints":{"allow":["GET"]}}],"collection":[{"href":"https:\/\/www.bergfried-kaprun.at\/cs\/wp-json\/wp\/v2\/pages"}],"about":[{"href":"https:\/\/www.bergfried-kaprun.at\/cs\/wp-json\/wp\/v2\/types\/page"}],"author":[{"embeddable":true,"href":"https:\/\/www.bergfried-kaprun.at\/cs\/wp-json\/wp\/v2\/users\/1"}],"replies":[{"embeddable":true,"href":"https:\/\/www.bergfried-kaprun.at\/cs\/wp-json\/wp\/v2\/comments?post=708"}],"version-history":[{"count":6,"href":"https:\/\/www.bergfried-kaprun.at\/cs\/wp-json\/wp\/v2\/pages\/708\/revisions"}],"predecessor-version":[{"id":1266,"href":"https:\/\/www.bergfried-kaprun.at\/cs\/wp-json\/wp\/v2\/pages\/708\/revisions\/1266"}],"wp:attachment":[{"href":"https:\/\/www.bergfried-kaprun.at\/cs\/wp-json\/wp\/v2\/media?parent=708"}],"curies":[{"name":"wp","href":"https:\/\/api.w.org\/{rel}","templated":true}]}}