{"id":1134,"date":"2024-11-25T13:24:13","date_gmt":"2024-11-25T12:24:13","guid":{"rendered":"https:\/\/www.bergfried-kaprun.at\/?page_id=1134"},"modified":"2024-12-08T19:36:04","modified_gmt":"2024-12-08T18:36:04","slug":"agb-2","status":"publish","type":"page","link":"https:\/\/www.bergfried-kaprun.at\/en\/gtcs\/","title":{"rendered":"GTCs"},"content":{"rendered":"<p>[et_pb_section fb_built=&#8221;1&#8243; disabled_on=&#8221;off|off|off&#8221; _builder_version=&#8221;4.27.3&#8243; _module_preset=&#8221;default&#8221; custom_padding=&#8221;0px|||||&#8221; global_colors_info=&#8221;{}&#8221;][et_pb_row _builder_version=&#8221;4.27.3&#8243; _module_preset=&#8221;default&#8221; global_colors_info=&#8221;{}&#8221;][et_pb_column type=&#8221;4_4&#8243; _builder_version=&#8221;4.27.3&#8243; _module_preset=&#8221;default&#8221; global_colors_info=&#8221;{}&#8221;][et_pb_text _builder_version=&#8221;4.27.4&#8243; _module_preset=&#8221;default&#8221; header_2_font=&#8221;|700|||||||&#8221; header_2_text_color=&#8221;#000000&#8243; header_2_font_size=&#8221;45px&#8221; header_2_line_height=&#8221;1.2em&#8221; custom_margin=&#8221;-2px|||||&#8221; hover_enabled=&#8221;0&#8243; locked=&#8221;off&#8221; global_colors_info=&#8221;{}&#8221; content_en_us=&#8221;<\/p>\n<h2 class=%22uk-h1 uk-margin-remove-bottom uk-width-2xlarge uk-margin-auto uk-text-center uk-scrollspy-inview%22>GTCs<\/h2>\n<p>&#8221; sticky_enabled=&#8221;0&#8243;]<\/p>\n<h2 class=\"uk-h1 uk-margin-remove-bottom uk-width-2xlarge uk-margin-auto uk-text-center uk-scrollspy-inview\">AGB<\/h2>\n<p>[\/et_pb_text][et_pb_divider color=&#8221;gcid-2f2e5ab3-b81f-4787-9ad9-db4cdfe9b909&#8243; divider_weight=&#8221;2px&#8221; _builder_version=&#8221;4.27.2&#8243; _module_preset=&#8221;default&#8221; width=&#8221;30%&#8221; width_tablet=&#8221;25%&#8221; width_phone=&#8221;50%&#8221; width_last_edited=&#8221;on|phone&#8221; custom_margin=&#8221;-30px||2px||false|false&#8221; locked=&#8221;off&#8221; global_colors_info=&#8221;{%22gcid-2f2e5ab3-b81f-4787-9ad9-db4cdfe9b909%22:%91%22color%22%93}&#8221;][\/et_pb_divider][et_pb_text _builder_version=&#8221;4.27.4&#8243; _module_preset=&#8221;default&#8221; content_en_us=&#8221;<\/p>\n<p style=%22text-align: left;%22><a href=%22http:\/\/www.hotelverband.at\/down\/AGBH_061115.pdf%22>The General Austrian Hotel Contract<\/a> Conditions apply.<\/p>\n<p style=%22text-align: left;%22>Legal validity of this disclaimer<\/p>\n<p style=%22text-align: left;%22>This disclaimer is to be regarded as part of the internet publication which you were referred from. If sections or individual terms of this statement are not legal or correct, the content or validity of the other parts remain uninfluenced by this fact.<\/p>\n<p>&#8221; global_colors_info=&#8221;{}&#8221;]<\/p>\n<p>Es gelten die<span>\u00a0<\/span><a href=\"http:\/\/www.hotelverband.at\/down\/AGBH_061115.pdf\" target=\"_blank\" rel=\"alternate noopener noreferrer\">Allgemeinen \u00d6sterreichischen Hotelvertragsbedingungen<\/a>.<\/p>\n<p>Rechtswirksamkeit dieses Haftungsausschlusses<\/p>\n<p>Dieser Haftungsausschluss ist als Teil des Internetangebotes zu betrachten, von dem aus auf diese Seite verwiesen wurde. Sofern Teile oder einzelne Formulierungen dieses Textes der geltenden Rechtslage nicht, nicht mehr oder nicht vollst\u00e4ndig entsprechen sollten, bleiben die \u00fcbrigen Teile des Dokumentes in ihrem Inhalt und ihrer G\u00fcltigkeit davon unber\u00fchrt.<\/p>\n<p>[\/et_pb_text][\/et_pb_column][\/et_pb_row][\/et_pb_section]<\/p>\n","protected":false},"excerpt":{"rendered":"<p>AGBEs gelten die\u00a0Allgemeinen \u00d6sterreichischen Hotelvertragsbedingungen. Rechtswirksamkeit dieses Haftungsausschlusses Dieser Haftungsausschluss ist als Teil des Internetangebotes zu betrachten, von dem aus auf diese Seite verwiesen wurde. Sofern Teile oder einzelne Formulierungen dieses Textes der geltenden Rechtslage nicht, nicht mehr oder nicht vollst\u00e4ndig entsprechen sollten, bleiben die \u00fcbrigen Teile des Dokumentes in ihrem Inhalt und ihrer G\u00fcltigkeit davon unber\u00fchrt.<\/p>\n","protected":false},"author":1,"featured_media":0,"parent":0,"menu_order":0,"comment_status":"closed","ping_status":"closed","template":"","meta":{"_et_pb_use_builder":"on","_et_pb_old_content":"","_et_gb_content_width":"","footnotes":""},"class_list":["post-1134","page","type-page","status-publish","hentry"],"_links":{"self":[{"href":"https:\/\/www.bergfried-kaprun.at\/en\/wp-json\/wp\/v2\/pages\/1134","targetHints":{"allow":["GET"]}}],"collection":[{"href":"https:\/\/www.bergfried-kaprun.at\/en\/wp-json\/wp\/v2\/pages"}],"about":[{"href":"https:\/\/www.bergfried-kaprun.at\/en\/wp-json\/wp\/v2\/types\/page"}],"author":[{"embeddable":true,"href":"https:\/\/www.bergfried-kaprun.at\/en\/wp-json\/wp\/v2\/users\/1"}],"replies":[{"embeddable":true,"href":"https:\/\/www.bergfried-kaprun.at\/en\/wp-json\/wp\/v2\/comments?post=1134"}],"version-history":[{"count":5,"href":"https:\/\/www.bergfried-kaprun.at\/en\/wp-json\/wp\/v2\/pages\/1134\/revisions"}],"predecessor-version":[{"id":1263,"href":"https:\/\/www.bergfried-kaprun.at\/en\/wp-json\/wp\/v2\/pages\/1134\/revisions\/1263"}],"wp:attachment":[{"href":"https:\/\/www.bergfried-kaprun.at\/en\/wp-json\/wp\/v2\/media?parent=1134"}],"curies":[{"name":"wp","href":"https:\/\/api.w.org\/{rel}","templated":true}]}}