{"id":1167,"date":"2024-12-03T21:29:26","date_gmt":"2024-12-03T20:29:26","guid":{"rendered":"https:\/\/www.bergfried-kaprun.at\/?page_id=1167"},"modified":"2025-10-28T12:57:49","modified_gmt":"2025-10-28T11:57:49","slug":"buchen","status":"publish","type":"page","link":"https:\/\/www.bergfried-kaprun.at\/en\/booking\/","title":{"rendered":"Booking"},"content":{"rendered":"<p>[et_pb_section fb_built=&#8221;1&#8243; disabled_on=&#8221;off|off|off&#8221; _builder_version=&#8221;4.27.2&#8243; _module_preset=&#8221;default&#8221; custom_padding=&#8221;1px||0px|||&#8221; global_colors_info=&#8221;{}&#8221;][\/et_pb_section][et_pb_section fb_built=&#8221;1&#8243; disabled_on=&#8221;off|off|off&#8221; _builder_version=&#8221;4.27.2&#8243; _module_preset=&#8221;default&#8221; min_height=&#8221;504.6px&#8221; custom_margin=&#8221;-6px|||||&#8221; custom_padding=&#8221;1px||2px|||&#8221; global_colors_info=&#8221;{}&#8221;][et_pb_row make_equal=&#8221;on&#8221; _builder_version=&#8221;4.17.1&#8243; _module_preset=&#8221;default&#8221; custom_margin=&#8221;|auto|-9px|auto||&#8221; custom_padding=&#8221;||0px|||&#8221; locked=&#8221;off&#8221; global_colors_info=&#8221;{}&#8221;][et_pb_column type=&#8221;4_4&#8243; _builder_version=&#8221;4.17.1&#8243; _module_preset=&#8221;default&#8221; animation_style=&#8221;slide&#8221; animation_direction=&#8221;left&#8221; animation_speed_curve=&#8221;ease&#8221; hover_transition_duration=&#8221;600ms&#8221; global_colors_info=&#8221;{}&#8221;][et_pb_text _builder_version=&#8221;4.27.4&#8243; _module_preset=&#8221;default&#8221; header_2_font=&#8221;|700|||||||&#8221; header_2_text_color=&#8221;#000000&#8243; header_2_font_size=&#8221;45px&#8221; header_2_line_height=&#8221;1.2em&#8221; custom_margin=&#8221;-2px|||||&#8221; content_en_us=&#8221;<\/p>\n<h2 class=%22uk-h1 uk-margin-remove-bottom uk-width-2xlarge uk-margin-auto uk-text-center uk-scrollspy-inview%22>Already sure? Book directly<\/h2>\n<p>&#8221; content_cs_cz=&#8221;<\/p>\n<h2 class=%22uk-h1 uk-margin-remove-bottom uk-width-2xlarge uk-margin-auto uk-text-center uk-scrollspy-inview%22>Jste si ji\u017e jisti? Rezervujte p\u0159\u00edmo<\/h2>\n<p>&#8221; global_colors_info=&#8221;{}&#8221;]<\/p>\n<h2 class=\"uk-h1 uk-margin-remove-bottom uk-width-2xlarge uk-margin-auto uk-text-center uk-scrollspy-inview\">Schon sicher? Buchen Sie direkt<\/h2>\n<p>[\/et_pb_text][et_pb_divider color=&#8221;gcid-2f2e5ab3-b81f-4787-9ad9-db4cdfe9b909&#8243; divider_weight=&#8221;2px&#8221; _builder_version=&#8221;4.27.2&#8243; _module_preset=&#8221;default&#8221; width=&#8221;30%&#8221; width_tablet=&#8221;25%&#8221; width_phone=&#8221;50%&#8221; width_last_edited=&#8221;on|phone&#8221; custom_margin=&#8221;-30px||||false|false&#8221; global_colors_info=&#8221;{%22gcid-2f2e5ab3-b81f-4787-9ad9-db4cdfe9b909%22:%91%22color%22%93}&#8221;][\/et_pb_divider][et_pb_text _builder_version=&#8221;4.27.4&#8243; _module_preset=&#8221;default&#8221; text_font=&#8221;Montserrat||||||||&#8221; text_text_color=&#8221;#242424&#8243; text_line_height=&#8221;1.9em&#8221; custom_margin=&#8221;-35px||||false|false&#8221; content_en_us=&#8221;<\/p>\n<div class=%22uk-section-default uk-section uk-section-large uk-padding-remove-bottom%22 uk-scrollspy=%22target: %91uk-scrollspy-class%93; cls: uk-animation-slide-top-small; delay: false;%22>\n<div class=%22uk-container uk-container-large%22>\n<div class=%22uk-grid tm-grid-expand uk-child-width-1-1 uk-grid-margin%22>\n<div class=%22uk-width-1-1@m%22>\n<div class=%22uk-panel uk-text-lead uk-margin uk-width-2xlarge uk-margin-auto uk-text-center uk-scrollspy-inview%22 uk-scrollspy-class=%22%22>\n<p style=%22text-align: left;%22>If your apartment is not available on your desired date, please send us an inquiry.<\/p>\n<\/div>\n<\/div>\n<\/div>\n<\/div>\n<\/div>\n<p>&#8221; content_cs_cz=&#8221;<\/p>\n<article class=%22text-token-text-primary w-full focus:outline-none scroll-mt-%91calc(var(--header-height)+min(200px,max(70px,20svh)))%93%22 dir=%22auto%22 data-turn-id=%22request-68a0230f-cc90-8325-8a07-3ddd5b85038b-42%22 data-testid=%22conversation-turn-80%22 data-scroll-anchor=%22true%22 data-turn=%22assistant%22 tabindex=%22-1%22>\n<div class=%22text-base my-auto mx-auto pb-10 %91--thread-content-margin:--spacing(4)%93 @%9137rem%93:%91--thread-content-margin:--spacing(6)%93 @%9172rem%93:%91--thread-content-margin:--spacing(16)%93 px-(--thread-content-margin)%22>\n<div class=%22%91--thread-content-max-width:32rem%93 @%9134rem%93:%91--thread-content-max-width:40rem%93 @%9164rem%93:%91--thread-content-max-width:48rem%93 mx-auto max-w-(--thread-content-max-width) flex-1 group\/turn-messages focus-visible:outline-hidden relative flex w-full min-w-0 flex-col agent-turn%22 tabindex=%22-1%22>\n<div class=%22flex max-w-full flex-col grow%22>\n<div data-message-author-role=%22assistant%22 data-message-id=%22237c161c-de22-4a8d-bad8-8a642554a688%22 dir=%22auto%22 class=%22min-h-8 text-message relative flex w-full flex-col items-end gap-2 text-start break-words whitespace-normal %91.text-message+&#038;%93:mt-5%22 data-message-model-slug=%22gpt-5-mini%22>\n<div class=%22flex w-full flex-col gap-1 empty:hidden first:pt-%913px%93%22>\n<div class=%22markdown prose dark:prose-invert w-full break-words light markdown-new-styling%22>\n<p data-start=%220%22 data-end=%22140%22 data-is-last-node=%22%22 data-is-only-node=%22%22>Pokud v\u00e1\u0161 apartm\u00e1n nen\u00ed k dispozici ve v\u00e1mi po\u017eadovan\u00e9m term\u00ednu, za\u0161lete n\u00e1m pros\u00edm nez\u00e1vaznou \u017e\u00e1dost.<\/p>\n<\/div>\n<\/div>\n<\/div>\n<\/div>\n<div class=%22flex min-h-%9146px%93 justify-start%22><\/div>\n<div class=%22mt-3 w-full empty:hidden%22>\n<div class=%22text-center%22><\/div>\n<\/div>\n<\/div>\n<\/div>\n<\/article>\n<div aria-hidden=%22true%22 data-edge=%22true%22 class=%22pointer-events-none h-px w-px%22><\/div>\n<p>&#8221; locked=&#8221;off&#8221; global_colors_info=&#8221;{}&#8221;]<\/p>\n<div class=\"uk-section-default uk-section uk-section-large uk-padding-remove-bottom\" uk-scrollspy=\"target: [uk-scrollspy-class]; cls: uk-animation-slide-top-small; delay: false;\">\n<div class=\"uk-container uk-container-large\">\n<div class=\"uk-grid tm-grid-expand uk-child-width-1-1 uk-grid-margin\">\n<div class=\"uk-width-1-1@m\">\n<div class=\"uk-panel uk-text-lead uk-margin uk-width-2xlarge uk-margin-auto uk-text-center uk-scrollspy-inview\" uk-scrollspy-class=\"\">\n<p>Falls ihr\u00a0 Appartement an ihrem gew\u00fcnschten Datum nicht verf\u00fcgbar ist, schicken sie uns bitte eine Anfrage.<\/p>\n<\/div>\n<\/div>\n<\/div>\n<\/div>\n<\/div>\n<div class=\"uk-section-default uk-section uk-section-large\" uk-scrollspy=\"target: [uk-scrollspy-class]; cls: uk-animation-fade; delay: false;\">\n<div class=\"uk-container uk-container-large\">\n<div class=\"uk-grid tm-grid-expand uk-grid-medium uk-child-width-1-1 uk-grid-margin-medium\">\n<div class=\"uk-grid-item-match uk-flex-middle uk-width-1-1@m\">\n<div class=\"uk-panel uk-width-1-1\"><\/div>\n<\/div>\n<\/div>\n<\/div>\n<\/div>\n<p>[\/et_pb_text][et_pb_text _builder_version=&#8221;4.17.1&#8243; _module_preset=&#8221;default&#8221; text_font=&#8221;Montserrat||||||||&#8221; text_text_color=&#8221;#242424&#8243; text_line_height=&#8221;1.9em&#8221; custom_margin=&#8221;-35px||-5px||false|false&#8221; global_colors_info=&#8221;{}&#8221;]<\/p>\n<div class=\"uk-section-default uk-section uk-section-large uk-padding-remove-bottom\" uk-scrollspy=\"target: [uk-scrollspy-class]; cls: uk-animation-slide-top-small; delay: false;\">\n<div class=\"uk-container uk-container-large\">\n<div class=\"uk-grid tm-grid-expand uk-child-width-1-1 uk-grid-margin\">\n<div class=\"uk-width-1-1@m\">\n<div class=\"uk-panel uk-text-lead uk-margin uk-width-2xlarge uk-margin-auto uk-text-center uk-scrollspy-inview\" uk-scrollspy-class=\"\">\n<p>&nbsp;<\/p>\n<\/div>\n<\/div>\n<\/div>\n<\/div>\n<\/div>\n<div class=\"uk-section-default uk-section uk-section-large\" uk-scrollspy=\"target: [uk-scrollspy-class]; cls: uk-animation-fade; delay: false;\">\n<div class=\"uk-container uk-container-large\">\n<div class=\"uk-grid tm-grid-expand uk-grid-medium uk-child-width-1-1 uk-grid-margin-medium\">\n<div class=\"uk-grid-item-match uk-flex-middle uk-width-1-1@m\">\n<div class=\"uk-panel uk-width-1-1\"><\/div>\n<\/div>\n<\/div>\n<\/div>\n<\/div>\n<p>[\/et_pb_text][et_pb_code _builder_version=&#8221;4.27.4&#8243; _module_preset=&#8221;default&#8221; min_height=&#8221;239.8px&#8221; custom_margin=&#8221;||-2px|||&#8221; global_colors_info=&#8221;{}&#8221;]<\/p>\n<div id=\"booking-container\" style=\"width: 100%; height: 100vh; overflow: hidden;\"><!-- [et_pb_line_break_holder] -->  <iframe id=\"booking-iframe\" style=\"width: 100%; height: 100%; border: none;\" src=\"\" frameborder=\"0\"><\/iframe><!-- [et_pb_line_break_holder] --><\/div>\n<p><!-- [et_pb_line_break_holder] --><!-- [et_pb_line_break_holder] --><script type=\"text\/javascript\"><!-- [et_pb_line_break_holder] -->  document.addEventListener(\"DOMContentLoaded\", function() {<!-- [et_pb_line_break_holder] -->    var iframe = document.getElementById('booking-iframe');<!-- [et_pb_line_break_holder] -->    var url = window.location.href;<!-- [et_pb_line_break_holder] -->    var lang;<!-- [et_pb_line_break_holder] --><!-- [et_pb_line_break_holder] -->    if (url.includes(\"\/de\")) {<!-- [et_pb_line_break_holder] -->      lang = 0; \/\/ Deutsch<!-- [et_pb_line_break_holder] -->    } else if (url.includes(\"\/en\")) {<!-- [et_pb_line_break_holder] -->      lang = 1; \/\/ Englisch<!-- [et_pb_line_break_holder] -->    } else if (url.includes(\"\/cs\")) {<!-- [et_pb_line_break_holder] -->      lang = 2; \/\/ Tschechisch<!-- [et_pb_line_break_holder] -->    } else {<!-- [et_pb_line_break_holder] -->      lang = 0; \/\/ Standardm\u00e4\u00dfig Deutsch<!-- [et_pb_line_break_holder] -->    }<!-- [et_pb_line_break_holder] --><!-- [et_pb_line_break_holder] -->    iframe.src = `https:\/\/www.capcorn.net\/appartment-bergfried-booking\/Query?MB=2126&FL=20&LG=${lang}`;<!-- [et_pb_line_break_holder] -->  });<!-- [et_pb_line_break_holder] --><\/script><!-- [et_pb_line_break_holder] -->[\/et_pb_code][\/et_pb_column][\/et_pb_row][\/et_pb_section][et_pb_section fb_built=&#8221;1&#8243; disabled_on=&#8221;off|off|off&#8221; _builder_version=&#8221;4.27.3&#8243; _module_preset=&#8221;default&#8221; background_enable_color=&#8221;off&#8221; custom_margin=&#8221;-99px|||||&#8221; custom_padding=&#8221;125px||0px|||&#8221; global_colors_info=&#8221;{%22gcid-d87a361b-97a3-4407-96b9-b681ef0776a1%22:%91%22background_color%22%93}&#8221;][et_pb_row column_structure=&#8221;1_2,1_2&#8243; _builder_version=&#8221;4.27.4&#8243; _module_preset=&#8221;default&#8221; custom_padding=&#8221;0px||43px|||&#8221; global_colors_info=&#8221;{}&#8221;][et_pb_column type=&#8221;1_2&#8243; _builder_version=&#8221;4.27.4&#8243; _module_preset=&#8221;default&#8221; global_colors_info=&#8221;{}&#8221;][et_pb_text _builder_version=&#8221;4.27.4&#8243; _module_preset=&#8221;default&#8221; content_en_us=&#8221;<\/p>\n<h2>Arrival\/Departure:<\/h2>\n<p>Arrival from 4:00 pm<br \/>Departure until 09:30 am<\/p>\n<p>In the event of late arrival or early departure, the entire booked period will be charged.<\/p>\n<p>&#8221; content_cs_cz=&#8221;<\/p>\n<h2>P\u0159\u00edjezd\/Odjezd:<\/h2>\n<p>P\u0159\u00edjezd od 16:00 hod.<br data-start=%2239%22 data-end=%2242%22 data-is-only-node=%22%22 \/>Odjezd do 09:30 hod.<\/p>\n<p data-start=%2266%22 data-end=%22149%22>P\u0159i pozdn\u00edm p\u0159\u00edjezdu nebo p\u0159ed\u010dasn\u00e9m odjezdu bude \u00fa\u010dtov\u00e1na cel\u00e1 rezervovan\u00e1 doba.<\/p>\n<p data-start=%22151%22 data-end=%22377%22 data-is-last-node=%22%22 data-is-only-node=%22%22>&#8221; global_colors_info=&#8221;{}&#8221;]<\/p>\n<h2>Anreise\/Abreise:<\/h2>\n<p><span>Anreise ab 16:00 Uhr<\/span><br \/><span>Abreise bis 09:30 Uhr<\/span><\/p>\n<p><span>Bei versp\u00e4teter Anreise oder vorzeitiger Abreise wird der gesamte gebuchte Zeitraum in Rechnung gestellt.<\/span><\/p>\n<p>[\/et_pb_text][\/et_pb_column][et_pb_column type=&#8221;1_2&#8243; _builder_version=&#8221;4.27.3&#8243; _module_preset=&#8221;default&#8221; global_colors_info=&#8221;{}&#8221;][et_pb_text _builder_version=&#8221;4.27.4&#8243; _module_preset=&#8221;default&#8221; content_en_us=&#8221;<\/p>\n<h2>Cancellation conditions:<\/h2>\n<ul>\n<li>The right of withdrawal according to \u00a7 18 para. 1 no. 10 FAGG does not apply, instead the <a href=%22http:\/\/www.hotelverband.at\/down\/AGBH_061115.pdf%22>cancellation conditions<\/a> of the Austrian Hotel Contract Conditions apply!<\/li>\n<li>Up to 1 month before the arrival date &#8211; no cancellation fee<\/li>\n<li>After that, 100% will be charged<\/li>\n<\/ul>\n<p>&#8221; content_cs_cz=&#8221;<\/p>\n<h2>Podm\u00ednky storna:<\/h2>\n<ul>\n<li>Pr\u00e1vo na odstoupen\u00ed podle \u00a7 18 odst. 1 p\u00edsm. 10 FAGG neplat\u00ed, m\u00edsto toho plat\u00ed <a href=%22http:\/\/www.hotelverband.at\/down\/AGBH_061115.pdf%22>storno podm\u00ednky<\/a> Rakousk\u00fdch hotelov\u00fdch smluv!<\/li>\n<li>Do 1 m\u011bs\u00edce p\u0159ed p\u0159\u00edjezdem \u2013 \u017e\u00e1dn\u00fd poplatek za storno<\/li>\n<li>\n<article class=%22text-token-text-primary w-full focus:outline-none scroll-mt-%91calc(var(--header-height)+min(200px,max(70px,20svh)))%93%22 dir=%22auto%22 data-turn-id=%227b0a5701-1abf-48e2-9e4f-a77cfe4cce8c%22 data-testid=%22conversation-turn-78%22 data-scroll-anchor=%22false%22 data-turn=%22assistant%22 tabindex=%22-1%22>\n<div class=%22text-base my-auto mx-auto %91--thread-content-margin:--spacing(4)%93 @%9137rem%93:%91--thread-content-margin:--spacing(6)%93 @%9172rem%93:%91--thread-content-margin:--spacing(16)%93 px-(--thread-content-margin)%22>\n<div class=%22%91--thread-content-max-width:32rem%93 @%9134rem%93:%91--thread-content-max-width:40rem%93 @%9164rem%93:%91--thread-content-max-width:48rem%93 mx-auto max-w-(--thread-content-max-width) flex-1 group\/turn-messages focus-visible:outline-hidden relative flex w-full min-w-0 flex-col agent-turn%22 tabindex=%22-1%22>\n<div class=%22flex max-w-full flex-col grow%22>\n<div data-message-author-role=%22assistant%22 data-message-id=%227b0a5701-1abf-48e2-9e4f-a77cfe4cce8c%22 dir=%22auto%22 class=%22min-h-8 text-message relative flex w-full flex-col items-end gap-2 text-start break-words whitespace-normal %91.text-message+&#038;%93:mt-5%22 data-message-model-slug=%22gpt-5-mini%22>\n<div class=%22flex w-full flex-col gap-1 empty:hidden first:pt-%913px%93%22>\n<div class=%22markdown prose dark:prose-invert w-full break-words light markdown-new-styling%22>\n<p data-start=%22151%22 data-end=%22377%22 data-is-last-node=%22%22 data-is-only-node=%22%22>Pot\u00e9 bude \u00fa\u010dtov\u00e1no 100 %.<\/p>\n<\/div>\n<\/div>\n<\/div>\n<\/div>\n<\/div>\n<\/div>\n<\/article>\n<\/li>\n<\/ul>\n<p>&#8221; global_colors_info=&#8221;{}&#8221;]<\/p>\n<h2>Stornobedingungen<a class=\"el-title uk-accordion-title\" href=\"https:\/\/www.ferienwohnungen-kaprun.co\/de\/appartement-bergfried\/gaesteinformation\" id=\"uk-accordion-3\" role=\"button\" aria-controls=\"uk-accordion-4\" aria-expanded=\"true\" aria-disabled=\"true\">:<\/a><\/h2>\n<ul>\n<li>Das Widerrufsrecht nach \u00a7 18 Abs. 1 Z. 10 FAGG gilt nicht, stattdessen gelten die<span>\u00a0<\/span><a href=\"http:\/\/www.hotelverband.at\/down\/AGBH_061115.pdf\" target=\"_blank\" rel=\"noopener\"><span>Stornobedingungen<\/span><\/a><span>\u00a0<\/span>der \u00d6sterreichischen Hotelvertragsbedingungen!<\/li>\n<li>Bis 1 Monat vor Ankunftstermin &#8211; keine Stornogeb\u00fchr<\/li>\n<li>Danach werden 100 % in Rechnung gestellt<\/li>\n<\/ul>\n<p>[\/et_pb_text][\/et_pb_column][\/et_pb_row][et_pb_row _builder_version=&#8221;4.27.4&#8243; _module_preset=&#8221;default&#8221;][et_pb_column _builder_version=&#8221;4.27.4&#8243; _module_preset=&#8221;default&#8221; type=&#8221;4_4&#8243;][et_pb_code _builder_version=&#8221;4.27.4&#8243; _module_preset=&#8221;default&#8221; hover_enabled=&#8221;0&#8243; sticky_enabled=&#8221;0&#8243;]<script async src=\"https:\/\/tally.so\/widgets\/embed.js\"><\/script>[\/et_pb_code][\/et_pb_column][\/et_pb_row][\/et_pb_section]<\/p>\n","protected":false},"excerpt":{"rendered":"<p>Schon sicher? Buchen Sie direkt Falls ihr\u00a0 Appartement an ihrem gew\u00fcnschten Datum nicht verf\u00fcgbar ist, schicken sie uns bitte eine Anfrage. &nbsp; Anreise\/Abreise: Anreise ab 16:00 UhrAbreise bis 09:30 Uhr Bei versp\u00e4teter Anreise oder vorzeitiger Abreise wird der gesamte gebuchte Zeitraum in Rechnung gestellt.Stornobedingungen: Das Widerrufsrecht nach \u00a7 18 Abs. 1 Z. 10 FAGG gilt nicht, stattdessen gelten die\u00a0Stornobedingungen\u00a0der \u00d6sterreichischen Hotelvertragsbedingungen! Bis 1 Monat vor Ankunftstermin &#8211; keine Stornogeb\u00fchr Danach werden 100 % in Rechnung gestellt<\/p>\n","protected":false},"author":1,"featured_media":0,"parent":0,"menu_order":0,"comment_status":"closed","ping_status":"closed","template":"","meta":{"_et_pb_use_builder":"on","_et_pb_old_content":"","_et_gb_content_width":"","footnotes":""},"class_list":["post-1167","page","type-page","status-publish","hentry"],"_links":{"self":[{"href":"https:\/\/www.bergfried-kaprun.at\/en\/wp-json\/wp\/v2\/pages\/1167","targetHints":{"allow":["GET"]}}],"collection":[{"href":"https:\/\/www.bergfried-kaprun.at\/en\/wp-json\/wp\/v2\/pages"}],"about":[{"href":"https:\/\/www.bergfried-kaprun.at\/en\/wp-json\/wp\/v2\/types\/page"}],"author":[{"embeddable":true,"href":"https:\/\/www.bergfried-kaprun.at\/en\/wp-json\/wp\/v2\/users\/1"}],"replies":[{"embeddable":true,"href":"https:\/\/www.bergfried-kaprun.at\/en\/wp-json\/wp\/v2\/comments?post=1167"}],"version-history":[{"count":24,"href":"https:\/\/www.bergfried-kaprun.at\/en\/wp-json\/wp\/v2\/pages\/1167\/revisions"}],"predecessor-version":[{"id":1635,"href":"https:\/\/www.bergfried-kaprun.at\/en\/wp-json\/wp\/v2\/pages\/1167\/revisions\/1635"}],"wp:attachment":[{"href":"https:\/\/www.bergfried-kaprun.at\/en\/wp-json\/wp\/v2\/media?parent=1167"}],"curies":[{"name":"wp","href":"https:\/\/api.w.org\/{rel}","templated":true}]}}