{"id":704,"date":"2024-10-23T09:23:02","date_gmt":"2024-10-23T07:23:02","guid":{"rendered":"https:\/\/www.bergfried-kaprun.at\/?page_id=704"},"modified":"2025-08-16T09:15:18","modified_gmt":"2025-08-16T07:15:18","slug":"anfragen","status":"publish","type":"page","link":"https:\/\/www.bergfried-kaprun.at\/en\/inquire\/","title":{"rendered":"Inquire"},"content":{"rendered":"<p>[et_pb_section fb_built=&#8221;1&#8243; disabled_on=&#8221;off|off|off&#8221; _builder_version=&#8221;4.27.2&#8243; _module_preset=&#8221;default&#8221; custom_padding=&#8221;1px||0px|||&#8221; global_colors_info=&#8221;{}&#8221;][et_pb_row make_equal=&#8221;on&#8221; _builder_version=&#8221;4.17.1&#8243; _module_preset=&#8221;default&#8221; locked=&#8221;off&#8221; global_colors_info=&#8221;{}&#8221;][et_pb_column type=&#8221;4_4&#8243; _builder_version=&#8221;4.17.1&#8243; _module_preset=&#8221;default&#8221; animation_style=&#8221;slide&#8221; animation_direction=&#8221;left&#8221; animation_speed_curve=&#8221;ease&#8221; hover_transition_duration=&#8221;600ms&#8221; global_colors_info=&#8221;{}&#8221;][et_pb_text _builder_version=&#8221;4.27.4&#8243; _module_preset=&#8221;default&#8221; header_2_font=&#8221;|700|||||||&#8221; header_2_text_color=&#8221;#000000&#8243; header_2_font_size=&#8221;45px&#8221; header_2_line_height=&#8221;1.2em&#8221; custom_margin=&#8221;-2px|||||&#8221; hover_enabled=&#8221;0&#8243; content_en_us=&#8221;<\/p>\n<h2 class=%22uk-h1 uk-margin-remove-bottom uk-width-2xlarge uk-margin-auto uk-text-center uk-scrollspy-inview%22>Send us a non-binding enquiry<\/h2>\n<p>&#8221; global_colors_info=&#8221;{}&#8221; content_cs_cz=&#8221;<\/p>\n<h2 class=%22uk-h1 uk-margin-remove-bottom uk-width-2xlarge uk-margin-auto uk-text-center uk-scrollspy-inview%22>Zeptejte se nez\u00e1vazn\u011b<\/h2>\n<p>&#8221; sticky_enabled=&#8221;0&#8243;]<\/p>\n<h2 class=\"uk-h1 uk-margin-remove-bottom uk-width-2xlarge uk-margin-auto uk-text-center uk-scrollspy-inview\">Fragen Sie unverbindlich an<\/h2>\n<p>[\/et_pb_text][et_pb_divider color=&#8221;gcid-2f2e5ab3-b81f-4787-9ad9-db4cdfe9b909&#8243; divider_weight=&#8221;2px&#8221; _builder_version=&#8221;4.27.2&#8243; _module_preset=&#8221;default&#8221; width=&#8221;30%&#8221; width_tablet=&#8221;25%&#8221; width_phone=&#8221;50%&#8221; width_last_edited=&#8221;on|phone&#8221; custom_margin=&#8221;-30px||||false|false&#8221; global_colors_info=&#8221;{%22gcid-2f2e5ab3-b81f-4787-9ad9-db4cdfe9b909%22:%91%22color%22%93}&#8221;][\/et_pb_divider][et_pb_text _builder_version=&#8221;4.27.4&#8243; _module_preset=&#8221;default&#8221; text_font=&#8221;Montserrat||||||||&#8221; text_text_color=&#8221;#242424&#8243; text_line_height=&#8221;1.9em&#8221; custom_margin=&#8221;-35px||||false|false&#8221; hover_enabled=&#8221;0&#8243; content_en_us=&#8221;<\/p>\n<p>If you are not quite sure yet, you are welcome to make a non-binding enquiry here.<\/p>\n<p>&nbsp;<\/p>\n<p>&#8221; locked=&#8221;off&#8221; global_colors_info=&#8221;{}&#8221; content_cs_cz=&#8221;<\/p>\n<article class=%22text-token-text-primary w-full focus:outline-none scroll-mt-%91calc(var(--header-height)+min(200px,max(70px,20svh)))%93%22 dir=%22auto%22 data-turn-id=%22request-WEB:b907fd24-9622-4d1b-acd6-d5bda2cd6f71-37%22 data-testid=%22conversation-turn-76%22 data-scroll-anchor=%22true%22 data-turn=%22assistant%22 tabindex=%22-1%22>\n<div class=%22text-base my-auto mx-auto pb-10 %91--thread-content-margin:--spacing(4)%93 @%9137rem%93:%91--thread-content-margin:--spacing(6)%93 @%9172rem%93:%91--thread-content-margin:--spacing(16)%93 px-(--thread-content-margin)%22>\n<div class=%22%91--thread-content-max-width:32rem%93 @%9134rem%93:%91--thread-content-max-width:40rem%93 @%9164rem%93:%91--thread-content-max-width:48rem%93 mx-auto max-w-(--thread-content-max-width) flex-1 group\/turn-messages focus-visible:outline-hidden relative flex w-full min-w-0 flex-col agent-turn%22 tabindex=%22-1%22>\n<div class=%22flex max-w-full flex-col grow%22>\n<div data-message-author-role=%22assistant%22 data-message-id=%2254e16492-b435-4732-b14e-4bda3a9089f7%22 dir=%22auto%22 class=%22min-h-8 text-message relative flex w-full flex-col items-end gap-2 text-start break-words whitespace-normal %91.text-message+&amp;%93:mt-5%22 data-message-model-slug=%22gpt-5-mini%22>\n<div class=%22flex w-full flex-col gap-1 empty:hidden first:pt-%913px%93%22>\n<div class=%22markdown prose dark:prose-invert w-full break-words light markdown-new-styling%22>\n<p data-start=%220%22 data-end=%2284%22 data-is-last-node=%22%22 data-is-only-node=%22%22>Pokud si je\u0161t\u011b nejste jisti, m\u016f\u017eete se zde nez\u00e1vazn\u011b zeptat.<\/p>\n<\/div>\n<\/div>\n<\/div>\n<\/div>\n<div class=%22flex min-h-%9146px%93 justify-start%22><\/div>\n<div class=%22mt-3 w-full empty:hidden%22>\n<div class=%22text-center%22><\/div>\n<\/div>\n<\/div>\n<\/div>\n<\/article>\n<div aria-hidden=%22true%22 data-edge=%22true%22 class=%22pointer-events-none h-px w-px%22><\/div>\n<p>&#8221; sticky_enabled=&#8221;0&#8243;]<\/p>\n<div class=\"uk-section-default uk-section uk-section-large uk-padding-remove-bottom\" uk-scrollspy=\"target: [uk-scrollspy-class]; cls: uk-animation-slide-top-small; delay: false;\">\n<div class=\"uk-container uk-container-large\">\n<div class=\"uk-grid tm-grid-expand uk-child-width-1-1 uk-grid-margin\">\n<div class=\"uk-width-1-1@m\">\n<div class=\"uk-panel uk-text-lead uk-margin uk-width-2xlarge uk-margin-auto uk-text-center uk-scrollspy-inview\" uk-scrollspy-class=\"\">\n<p>Wenn Sie sich noch nicht ganz sicher sind, fragen Sie hier gerne unverbindlich an.<\/p>\n<\/div>\n<\/div>\n<\/div>\n<\/div>\n<\/div>\n<div class=\"uk-section-default uk-section uk-section-large\" uk-scrollspy=\"target: [uk-scrollspy-class]; cls: uk-animation-fade; delay: false;\">\n<div class=\"uk-container uk-container-large\">\n<div class=\"uk-grid tm-grid-expand uk-grid-medium uk-child-width-1-1 uk-grid-margin-medium\">\n<div class=\"uk-grid-item-match uk-flex-middle uk-width-1-1@m\">\n<div class=\"uk-panel uk-width-1-1\"><\/div>\n<\/div>\n<\/div>\n<\/div>\n<\/div>\n<p>[\/et_pb_text][et_pb_text _builder_version=&#8221;4.17.1&#8243; _module_preset=&#8221;default&#8221; text_font=&#8221;Montserrat||||||||&#8221; text_text_color=&#8221;#242424&#8243; text_line_height=&#8221;1.9em&#8221; custom_margin=&#8221;-35px||-5px||false|false&#8221; global_colors_info=&#8221;{}&#8221;]<\/p>\n<div class=\"uk-section-default uk-section uk-section-large uk-padding-remove-bottom\" uk-scrollspy=\"target: [uk-scrollspy-class]; cls: uk-animation-slide-top-small; delay: false;\">\n<div class=\"uk-container uk-container-large\">\n<div class=\"uk-grid tm-grid-expand uk-child-width-1-1 uk-grid-margin\">\n<div class=\"uk-width-1-1@m\">\n<div class=\"uk-panel uk-text-lead uk-margin uk-width-2xlarge uk-margin-auto uk-text-center uk-scrollspy-inview\" uk-scrollspy-class=\"\">\n<p>&nbsp;<\/p>\n<\/div>\n<\/div>\n<\/div>\n<\/div>\n<\/div>\n<div class=\"uk-section-default uk-section uk-section-large\" uk-scrollspy=\"target: [uk-scrollspy-class]; cls: uk-animation-fade; delay: false;\">\n<div class=\"uk-container uk-container-large\">\n<div class=\"uk-grid tm-grid-expand uk-grid-medium uk-child-width-1-1 uk-grid-margin-medium\">\n<div class=\"uk-grid-item-match uk-flex-middle uk-width-1-1@m\">\n<div class=\"uk-panel uk-width-1-1\"><\/div>\n<\/div>\n<\/div>\n<\/div>\n<\/div>\n<p>[\/et_pb_text][et_pb_code _builder_version=&#8221;4.27.4&#8243; _module_preset=&#8221;default&#8221; min_height=&#8221;239.8px&#8221; hover_enabled=&#8221;0&#8243; global_colors_info=&#8221;{}&#8221; sticky_enabled=&#8221;0&#8243;]<\/p>\n<div id=\"request-container\" style=\"width: 100%; height: 100vh; overflow: hidden;\"><!-- [et_pb_line_break_holder] -->  <iframe id=\"request-iframe\" style=\"width: 100%; height: 100%; border: none;\" src=\"\" frameborder=\"0\"><\/iframe><!-- [et_pb_line_break_holder] --><\/div>\n<p><!-- [et_pb_line_break_holder] --><!-- [et_pb_line_break_holder] --><script type=\"text\/javascript\"><!-- [et_pb_line_break_holder] -->  document.addEventListener(\"DOMContentLoaded\", function() {<!-- [et_pb_line_break_holder] -->    var iframe = document.getElementById('request-iframe');<!-- [et_pb_line_break_holder] -->    var url = window.location.href;<!-- [et_pb_line_break_holder] -->    var lang;<!-- [et_pb_line_break_holder] --><!-- [et_pb_line_break_holder] -->    if (url.includes(\"\/de\")) {<!-- [et_pb_line_break_holder] -->      lang = 0; \/\/ Deutsch<!-- [et_pb_line_break_holder] -->    } else if (url.includes(\"\/en\")) {<!-- [et_pb_line_break_holder] -->      lang = 1; \/\/ Englisch<!-- [et_pb_line_break_holder] -->    } else if (url.includes(\"\/cs\")) {<!-- [et_pb_line_break_holder] -->      lang = 2; \/\/ Tschechisch<!-- [et_pb_line_break_holder] -->    } else {<!-- [et_pb_line_break_holder] -->      lang = 0; \/\/ Standardm\u00e4\u00dfig Deutsch<!-- [et_pb_line_break_holder] -->    }<!-- [et_pb_line_break_holder] --><!-- [et_pb_line_break_holder] -->    iframe.src = `https:\/\/capcorn.net\/MasterReq?MB=2126&FL=17&FT=9&LG=${lang}`;<!-- [et_pb_line_break_holder] -->  });<!-- [et_pb_line_break_holder] --><\/script><!-- [et_pb_line_break_holder] -->[\/et_pb_code][\/et_pb_column][\/et_pb_row][\/et_pb_section]<\/p>\n","protected":false},"excerpt":{"rendered":"<p>Fragen Sie unverbindlich an Wenn Sie sich noch nicht ganz sicher sind, fragen Sie hier gerne unverbindlich an. &nbsp;<\/p>\n","protected":false},"author":1,"featured_media":0,"parent":0,"menu_order":0,"comment_status":"closed","ping_status":"closed","template":"","meta":{"_et_pb_use_builder":"on","_et_pb_old_content":"<!-- wp:divi\/placeholder \/-->","_et_gb_content_width":"","footnotes":""},"class_list":["post-704","page","type-page","status-publish","hentry"],"_links":{"self":[{"href":"https:\/\/www.bergfried-kaprun.at\/en\/wp-json\/wp\/v2\/pages\/704","targetHints":{"allow":["GET"]}}],"collection":[{"href":"https:\/\/www.bergfried-kaprun.at\/en\/wp-json\/wp\/v2\/pages"}],"about":[{"href":"https:\/\/www.bergfried-kaprun.at\/en\/wp-json\/wp\/v2\/types\/page"}],"author":[{"embeddable":true,"href":"https:\/\/www.bergfried-kaprun.at\/en\/wp-json\/wp\/v2\/users\/1"}],"replies":[{"embeddable":true,"href":"https:\/\/www.bergfried-kaprun.at\/en\/wp-json\/wp\/v2\/comments?post=704"}],"version-history":[{"count":23,"href":"https:\/\/www.bergfried-kaprun.at\/en\/wp-json\/wp\/v2\/pages\/704\/revisions"}],"predecessor-version":[{"id":1566,"href":"https:\/\/www.bergfried-kaprun.at\/en\/wp-json\/wp\/v2\/pages\/704\/revisions\/1566"}],"wp:attachment":[{"href":"https:\/\/www.bergfried-kaprun.at\/en\/wp-json\/wp\/v2\/media?parent=704"}],"curies":[{"name":"wp","href":"https:\/\/api.w.org\/{rel}","templated":true}]}}