{"id":706,"date":"2024-10-23T09:23:15","date_gmt":"2024-10-23T07:23:15","guid":{"rendered":"https:\/\/www.bergfried-kaprun.at\/?page_id=706"},"modified":"2025-08-16T09:24:53","modified_gmt":"2025-08-16T07:24:53","slug":"kontakt","status":"publish","type":"page","link":"https:\/\/www.bergfried-kaprun.at\/en\/contact\/","title":{"rendered":"contact"},"content":{"rendered":"<p>[et_pb_section fb_built=&#8221;1&#8243; disabled_on=&#8221;off|off|off&#8221; _builder_version=&#8221;4.27.2&#8243; _module_preset=&#8221;default&#8221; custom_padding=&#8221;6px|||||&#8221; global_colors_info=&#8221;{}&#8221;][et_pb_row column_structure=&#8221;1_2,1_2&#8243; _builder_version=&#8221;4.27.3&#8243; _module_preset=&#8221;default&#8221; global_colors_info=&#8221;{}&#8221;][et_pb_column type=&#8221;1_2&#8243; _builder_version=&#8221;4.27.3&#8243; _module_preset=&#8221;default&#8221; border_radii=&#8221;on|60px|60px|60px|60px&#8221; global_colors_info=&#8221;{}&#8221;][dsm_embed_google_map address=&#8221;Kirchgasse 9 Kaprun&#8221; _builder_version=&#8221;4.27.3&#8243; _module_preset=&#8221;default&#8221; global_colors_info=&#8221;{}&#8221;][\/dsm_embed_google_map][\/et_pb_column][et_pb_column type=&#8221;1_2&#8243; _builder_version=&#8221;4.27.2&#8243; _module_preset=&#8221;default&#8221; global_colors_info=&#8221;{}&#8221;][et_pb_text _builder_version=&#8221;4.27.4&#8243; _module_preset=&#8221;default&#8221; header_2_font=&#8221;|700|||||||&#8221; header_2_text_color=&#8221;#000000&#8243; header_2_font_size=&#8221;45px&#8221; header_2_line_height=&#8221;1.2em&#8221; custom_margin=&#8221;-15px|||||&#8221; hover_enabled=&#8221;0&#8243; content_en_us=&#8221;<\/p>\n<h2 class=%22uk-h1 uk-margin-remove-bottom uk-width-2xlarge uk-margin-auto uk-text-center uk-scrollspy-inview%22>Get in touch with us<\/h2>\n<p>&#8221; locked=&#8221;off&#8221; global_colors_info=&#8221;{}&#8221; content_cs_cz=&#8221;<\/p>\n<h2 class=%22uk-h1 uk-margin-remove-bottom uk-width-2xlarge uk-margin-auto uk-text-center uk-scrollspy-inview%22>Kontaktujte n\u00e1s<\/h2>\n<article class=%22text-token-text-primary w-full focus:outline-none scroll-mt-%91calc(var(--header-height)+min(200px,max(70px,20svh)))%93%22 dir=%22auto%22 data-turn-id=%22request-68a0230f-cc90-8325-8a07-3ddd5b85038b-44%22 data-testid=%22conversation-turn-82%22 data-scroll-anchor=%22false%22 data-turn=%22assistant%22 tabindex=%22-1%22>\n<div class=%22text-base my-auto mx-auto %91--thread-content-margin:--spacing(4)%93 @%9137rem%93:%91--thread-content-margin:--spacing(6)%93 @%9172rem%93:%91--thread-content-margin:--spacing(16)%93 px-(--thread-content-margin)%22>\n<div class=%22%91--thread-content-max-width:32rem%93 @%9134rem%93:%91--thread-content-max-width:40rem%93 @%9164rem%93:%91--thread-content-max-width:48rem%93 mx-auto max-w-(--thread-content-max-width) flex-1 group\/turn-messages focus-visible:outline-hidden relative flex w-full min-w-0 flex-col agent-turn%22 tabindex=%22-1%22>\n<div class=%22flex min-h-%9146px%93 justify-start%22><\/div>\n<\/div>\n<\/div>\n<\/article>\n<p>&#8221; sticky_enabled=&#8221;0&#8243;]<\/p>\n<h2 class=\"uk-h1 uk-margin-remove-bottom uk-width-2xlarge uk-margin-auto uk-text-center uk-scrollspy-inview\">Kontaktieren Sie uns<\/h2>\n<p>[\/et_pb_text][et_pb_divider color=&#8221;gcid-2f2e5ab3-b81f-4787-9ad9-db4cdfe9b909&#8243; divider_weight=&#8221;2px&#8221; _builder_version=&#8221;4.27.2&#8243; _module_preset=&#8221;default&#8221; width=&#8221;30%&#8221; width_tablet=&#8221;25%&#8221; width_phone=&#8221;50%&#8221; width_last_edited=&#8221;on|phone&#8221; custom_margin=&#8221;-30px||||false|false&#8221; locked=&#8221;off&#8221; global_colors_info=&#8221;{%22gcid-2f2e5ab3-b81f-4787-9ad9-db4cdfe9b909%22:%91%22color%22%93}&#8221;][\/et_pb_divider][et_pb_contact_form email=&#8221;info@bergfried-kaprun.at&#8221; custom_message=&#8221;Hallo,||et_pb_line_break_holder||||et_pb_line_break_holder||es ist eine neue Nachricht eingegangen:||et_pb_line_break_holder||||et_pb_line_break_holder||Name: %%name%%||et_pb_line_break_holder||||et_pb_line_break_holder||E-Mail Adresse: %%mail%%||et_pb_line_break_holder||||et_pb_line_break_holder||Nachricht: %%msg%%||et_pb_line_break_holder||||et_pb_line_break_holder||Sch\u00f6ne Gr\u00fc\u00dfe||et_pb_line_break_holder||RhekTec System||et_pb_line_break_holder||||et_pb_line_break_holder||%91Bitte auf diese E-Mail nicht antworten. Automatisch generierte E-Mail%93&#8243; success_message=&#8221;Vielen Dank f\u00fcr Ihre Nachricht.&#8221; submit_button_text=&#8221;Senden&#8221; _builder_version=&#8221;4.27.4&#8243; _module_preset=&#8221;default&#8221; _unique_id=&#8221;a44ee06a-54d8-475e-9213-c8cc3ace280e&#8221; custom_button=&#8221;on&#8221; button_text_color=&#8221;gcid-2f2e5ab3-b81f-4787-9ad9-db4cdfe9b909&#8243; custom_margin=&#8221;-32px|||||&#8221; hover_enabled=&#8221;0&#8243; success_message_en_us=&#8221;Thank you for you message.&#8221; submit_button_text_en_us=&#8221;Submit&#8221; global_colors_info=&#8221;{%22gcid-2f2e5ab3-b81f-4787-9ad9-db4cdfe9b909%22:%91%22button_text_color%22%93}&#8221; success_message_cs_cz=&#8221;D\u011bkujeme za va\u0161i zpr\u00e1vu.&#8221; submit_button_text_cs_cz=&#8221;Odeslat&#8221; sticky_enabled=&#8221;0&#8243;][et_pb_contact_field field_id=&#8221;name&#8221; field_title=&#8221;Name&#8221; _builder_version=&#8221;4.27.4&#8243; hover_enabled=&#8221;0&#8243; radio_options_en_us=&#8221;%91{%22value%22:%22%22,%22checked%22:0,%22dragID%22:-1}%93&#8243; checkbox_options_en_us=&#8221;%91{%22value%22:%22%22,%22checked%22:0,%22dragID%22:-1}%93&#8243; select_options_en_us=&#8221;%91{%22value%22:%22%22,%22checked%22:0,%22dragID%22:-1}%93&#8243; global_colors_info=&#8221;{}&#8221; button_text_size__hover_enabled=&#8221;off&#8221; button_one_text_size__hover_enabled=&#8221;off&#8221; button_two_text_size__hover_enabled=&#8221;off&#8221; button_text_color__hover_enabled=&#8221;off&#8221; button_one_text_color__hover_enabled=&#8221;off&#8221; button_two_text_color__hover_enabled=&#8221;off&#8221; button_border_width__hover_enabled=&#8221;off&#8221; button_one_border_width__hover_enabled=&#8221;off&#8221; button_two_border_width__hover_enabled=&#8221;off&#8221; button_border_color__hover_enabled=&#8221;off&#8221; button_one_border_color__hover_enabled=&#8221;off&#8221; button_two_border_color__hover_enabled=&#8221;off&#8221; button_border_radius__hover_enabled=&#8221;off&#8221; button_one_border_radius__hover_enabled=&#8221;off&#8221; button_two_border_radius__hover_enabled=&#8221;off&#8221; button_letter_spacing__hover_enabled=&#8221;off&#8221; button_one_letter_spacing__hover_enabled=&#8221;off&#8221; button_two_letter_spacing__hover_enabled=&#8221;off&#8221; button_bg_color__hover_enabled=&#8221;off&#8221; button_one_bg_color__hover_enabled=&#8221;off&#8221; button_two_bg_color__hover_enabled=&#8221;off&#8221; sticky_enabled=&#8221;0&#8243; radio_options_cs_cz=&#8221;%91{%22value%22:%22%22,%22checked%22:0,%22dragID%22:-1}%93&#8243; checkbox_options_cs_cz=&#8221;%91{%22value%22:%22%22,%22checked%22:0,%22dragID%22:-1}%93&#8243; select_options_cs_cz=&#8221;%91{%22value%22:%22%22,%22checked%22:0,%22dragID%22:-1}%93&#8243; field_title_cs_cz=&#8221;Jm\u00e9no&#8221;][\/et_pb_contact_field][et_pb_contact_field field_id=&#8221;mail&#8221; field_title=&#8221;E-Mail Adresse&#8221; field_type=&#8221;email&#8221; _builder_version=&#8221;4.27.4&#8243; hover_enabled=&#8221;0&#8243; field_title_en_us=&#8221;RhekTec.adm&#8221; radio_options_en_us=&#8221;%91{%22value%22:%22%22,%22checked%22:0,%22dragID%22:-1}%93&#8243; checkbox_options_en_us=&#8221;%91{%22value%22:%22%22,%22checked%22:0,%22dragID%22:-1}%93&#8243; select_options_en_us=&#8221;%91{%22value%22:%22%22,%22checked%22:0,%22dragID%22:-1}%93&#8243; global_colors_info=&#8221;{}&#8221; button_text_size__hover_enabled=&#8221;off&#8221; button_one_text_size__hover_enabled=&#8221;off&#8221; button_two_text_size__hover_enabled=&#8221;off&#8221; button_text_color__hover_enabled=&#8221;off&#8221; button_one_text_color__hover_enabled=&#8221;off&#8221; button_two_text_color__hover_enabled=&#8221;off&#8221; button_border_width__hover_enabled=&#8221;off&#8221; button_one_border_width__hover_enabled=&#8221;off&#8221; button_two_border_width__hover_enabled=&#8221;off&#8221; button_border_color__hover_enabled=&#8221;off&#8221; button_one_border_color__hover_enabled=&#8221;off&#8221; button_two_border_color__hover_enabled=&#8221;off&#8221; button_border_radius__hover_enabled=&#8221;off&#8221; button_one_border_radius__hover_enabled=&#8221;off&#8221; button_two_border_radius__hover_enabled=&#8221;off&#8221; button_letter_spacing__hover_enabled=&#8221;off&#8221; button_one_letter_spacing__hover_enabled=&#8221;off&#8221; button_two_letter_spacing__hover_enabled=&#8221;off&#8221; button_bg_color__hover_enabled=&#8221;off&#8221; button_one_bg_color__hover_enabled=&#8221;off&#8221; button_two_bg_color__hover_enabled=&#8221;off&#8221; radio_options_cs_cz=&#8221;%91{%22value%22:%22%22,%22checked%22:0,%22dragID%22:-1}%93&#8243; checkbox_options_cs_cz=&#8221;%91{%22value%22:%22%22,%22checked%22:0,%22dragID%22:-1}%93&#8243; select_options_cs_cz=&#8221;%91{%22value%22:%22%22,%22checked%22:0,%22dragID%22:-1}%93&#8243; field_title_cs_cz=&#8221;E-mailov\u00e1 adresa&#8221; sticky_enabled=&#8221;0&#8243;][\/et_pb_contact_field][et_pb_contact_field field_id=&#8221;msg&#8221; field_title=&#8221;Nachricht&#8221; field_type=&#8221;text&#8221; fullwidth_field=&#8221;on&#8221; _builder_version=&#8221;4.27.4&#8243; hover_enabled=&#8221;0&#8243; field_title_en_us=&#8221;Message&#8221; radio_options_en_us=&#8221;%91{%22value%22:%22%22,%22checked%22:0,%22dragID%22:-1}%93&#8243; checkbox_options_en_us=&#8221;%91{%22value%22:%22%22,%22checked%22:0,%22dragID%22:-1}%93&#8243; select_options_en_us=&#8221;%91{%22value%22:%22%22,%22checked%22:0,%22dragID%22:-1}%93&#8243; global_colors_info=&#8221;{}&#8221; button_text_size__hover_enabled=&#8221;off&#8221; button_one_text_size__hover_enabled=&#8221;off&#8221; button_two_text_size__hover_enabled=&#8221;off&#8221; button_text_color__hover_enabled=&#8221;off&#8221; button_one_text_color__hover_enabled=&#8221;off&#8221; button_two_text_color__hover_enabled=&#8221;off&#8221; button_border_width__hover_enabled=&#8221;off&#8221; button_one_border_width__hover_enabled=&#8221;off&#8221; button_two_border_width__hover_enabled=&#8221;off&#8221; button_border_color__hover_enabled=&#8221;off&#8221; button_one_border_color__hover_enabled=&#8221;off&#8221; button_two_border_color__hover_enabled=&#8221;off&#8221; button_border_radius__hover_enabled=&#8221;off&#8221; button_one_border_radius__hover_enabled=&#8221;off&#8221; button_two_border_radius__hover_enabled=&#8221;off&#8221; button_letter_spacing__hover_enabled=&#8221;off&#8221; button_one_letter_spacing__hover_enabled=&#8221;off&#8221; button_two_letter_spacing__hover_enabled=&#8221;off&#8221; button_bg_color__hover_enabled=&#8221;off&#8221; button_one_bg_color__hover_enabled=&#8221;off&#8221; button_two_bg_color__hover_enabled=&#8221;off&#8221; radio_options_cs_cz=&#8221;%91{%22value%22:%22%22,%22checked%22:0,%22dragID%22:-1}%93&#8243; checkbox_options_cs_cz=&#8221;%91{%22value%22:%22%22,%22checked%22:0,%22dragID%22:-1}%93&#8243; select_options_cs_cz=&#8221;%91{%22value%22:%22%22,%22checked%22:0,%22dragID%22:-1}%93&#8243; field_title_cs_cz=&#8221;Zpr\u00e1va&#8221; sticky_enabled=&#8221;0&#8243;][\/et_pb_contact_field][\/et_pb_contact_form][\/et_pb_column][\/et_pb_row][\/et_pb_section]<\/p>\n","protected":false},"excerpt":{"rendered":"<p><div class=\"et_pb_module dsm_embed_google_map dsm_embed_google_map_0\">\n\t\t\t\t\n\t\t\t\t\n\t\t\t\t\n\t\t\t\t\n\t\t\t\t\n\t\t\t\t\n\t\t\t\t<div class=\"et_pb_module_inner\">\n\t\t\t\t\t<iframe loading=\"lazy\" frameborder=\"0\" scrolling=\"no\" marginheight=\"0\" marginwidth=\"0\" referrerPolicy=\"no-referrer-when-downgrade\" src=\"https:\/\/maps.google.com\/maps?q=Kirchgasse%209%20Kaprun&amp;t=m&amp;z=10&amp;output=embed&amp;iwloc=near&hl=en_US\" aria-label=\"Kirchgasse 9 Kaprun\"><\/iframe>\n\t\t\t\t<\/div>\n\t\t\t<\/div>Kontaktieren Sie uns<\/p>\n","protected":false},"author":1,"featured_media":0,"parent":0,"menu_order":0,"comment_status":"closed","ping_status":"closed","template":"","meta":{"_et_pb_use_builder":"on","_et_pb_old_content":"<!-- wp:divi\/placeholder \/-->","_et_gb_content_width":"","footnotes":""},"class_list":["post-706","page","type-page","status-publish","hentry"],"_links":{"self":[{"href":"https:\/\/www.bergfried-kaprun.at\/en\/wp-json\/wp\/v2\/pages\/706","targetHints":{"allow":["GET"]}}],"collection":[{"href":"https:\/\/www.bergfried-kaprun.at\/en\/wp-json\/wp\/v2\/pages"}],"about":[{"href":"https:\/\/www.bergfried-kaprun.at\/en\/wp-json\/wp\/v2\/types\/page"}],"author":[{"embeddable":true,"href":"https:\/\/www.bergfried-kaprun.at\/en\/wp-json\/wp\/v2\/users\/1"}],"replies":[{"embeddable":true,"href":"https:\/\/www.bergfried-kaprun.at\/en\/wp-json\/wp\/v2\/comments?post=706"}],"version-history":[{"count":14,"href":"https:\/\/www.bergfried-kaprun.at\/en\/wp-json\/wp\/v2\/pages\/706\/revisions"}],"predecessor-version":[{"id":1571,"href":"https:\/\/www.bergfried-kaprun.at\/en\/wp-json\/wp\/v2\/pages\/706\/revisions\/1571"}],"wp:attachment":[{"href":"https:\/\/www.bergfried-kaprun.at\/en\/wp-json\/wp\/v2\/media?parent=706"}],"curies":[{"name":"wp","href":"https:\/\/api.w.org\/{rel}","templated":true}]}}